{"id":11303,"date":"2020-08-03T16:38:48","date_gmt":"2020-08-03T14:38:48","guid":{"rendered":"https:\/\/sites.uclouvain.be\/lovele\/?page_id=11303"},"modified":"2024-10-30T15:04:50","modified_gmt":"2024-10-30T14:04:50","slug":"admision-matricula","status":"publish","type":"page","link":"https:\/\/sites.uclouvain.be\/lovele\/admision-matricula\/","title":{"rendered":"Admisi\u00f3n y matr\u00edcula"},"content":{"rendered":"<p>[et_pb_section fb_built=\u00bb1&#8243; admin_label=\u00bbHero\u00bb _builder_version=\u00bb4.16&#8243; use_background_color_gradient=\u00bbon\u00bb background_color_gradient_direction=\u00bb60deg\u00bb background_color_gradient_stops=\u00bb#000b3a 0%|#2875ef 100%\u00bb background_color_gradient_start=\u00bb#000b3a\u00bb background_color_gradient_end=\u00bb#2875ef\u00bb max_width=\u00bb100%\u00bb min_height=\u00bb289px\u00bb height=\u00bb184px\u00bb max_height=\u00bb279px\u00bb custom_padding=\u00bb0px|0px|109px|0px||\u00bb global_colors_info=\u00bb{}\u00bb][et_pb_row column_structure=\u00bb1_2,1_2&#8243; _builder_version=\u00bb4.16&#8243; min_height=\u00bb262px\u00bb custom_padding=\u00bb||0px|||\u00bb global_colors_info=\u00bb{}\u00bb][et_pb_column type=\u00bb1_2&#8243; _builder_version=\u00bb4.16&#8243; custom_padding=\u00bb||60px|\u00bb global_colors_info=\u00bb{}\u00bb custom_padding__hover=\u00bb|||\u00bb][et_pb_text _builder_version=\u00bb4.16&#8243; text_font=\u00bbOpen Sans|600|||||||\u00bb text_font_size=\u00bb16px\u00bb text_line_height=\u00bb1.8em\u00bb header_font=\u00bbPoppins||||||||\u00bb header_font_size=\u00bb36px\u00bb header_line_height=\u00bb1.4em\u00bb background_layout=\u00bbdark\u00bb max_width=\u00bb550px\u00bb global_colors_info=\u00bb{}\u00bb]<\/p>\n<h1>Admisi\u00f3n y matr\u00edcula<\/h1>\n<p>Lovele tiene tres tipos de formaciones: certificado universitario; cursos de especializacion y talleres. Inscr\u00edbete a la formaci\u00f3n que desees rellenando el formulario correspondiente<\/p>\n<p>Una vez realizada la demanda de matr\u00edcula el equipo <span class=\"hiddenSpellError\" onkeypress=\"MORFOLOGIK_RULE_ES---#---undefined---#---Se ha encontrado un posible error ortogr\u00e1fico.---#---Novel\u00e9#Novele#Al\u00f3bele#A\u00f3vele#Dovele#Dovel\u00e9#Libele#Libel\u00e9#L\u00e1vele#L\u00e9vele#L\u00edbele#L\u00f3ele#L\u00f3sele#Movele#N\u00f3vele#R\u00f3bele#S\u00f3bele#\u00d3vele---#---LovELE\">LovELE<\/span> te contactar\u00e1 para confirmar tu matr\u00edcula.<\/p>\n<p>[\/et_pb_text][\/et_pb_column][et_pb_column type=\u00bb1_2&#8243; _builder_version=\u00bb4.16&#8243; custom_padding=\u00bb|||\u00bb global_colors_info=\u00bb{}\u00bb custom_padding__hover=\u00bb|||\u00bb][et_pb_image src=\u00bbhttps:\/\/sites.uclouvain.be\/lovele\/wp-content\/uploads\/2020\/08\/jeshoots-com-LtNvQHdKkmw-unsplash-1-scaled.jpg\u00bb title_text=\u00bbjeshoots-com-LtNvQHdKkmw-unsplash (1)\u00bb show_bottom_space=\u00bboff\u00bb force_fullwidth=\u00bbon\u00bb align_tablet=\u00bbcenter\u00bb align_phone=\u00bb\u00bb align_last_edited=\u00bbon|desktop\u00bb _builder_version=\u00bb4.16&#8243; min_height=\u00bb248px\u00bb height=\u00bb100px\u00bb max_height=\u00bb1000px\u00bb custom_padding=\u00bb||0px|||\u00bb filter_opacity=\u00bb80%\u00bb animation_style=\u00bbslide\u00bb animation_direction=\u00bbleft\u00bb animation_intensity_slide=\u00bb10%\u00bb box_shadow_style=\u00bbpreset1&#8243; global_colors_info=\u00bb{}\u00bb box_shadow_horizontal__hover_enabled=\u00bbon|desktop\u00bb][\/et_pb_image][\/et_pb_column][\/et_pb_row][\/et_pb_section][et_pb_section fb_built=\u00bb1&#8243; admin_label=\u00bbFeatures\u00bb _builder_version=\u00bb4.16&#8243; min_height=\u00bb1623px\u00bb custom_margin=\u00bb31px||94px|||\u00bb custom_padding=\u00bb0px|0px|79px|0px||\u00bb global_colors_info=\u00bb{}\u00bb][et_pb_row _builder_version=\u00bb4.16&#8243; global_colors_info=\u00bb{}\u00bb][et_pb_column type=\u00bb4_4&#8243; _builder_version=\u00bb4.16&#8243; custom_padding=\u00bb|||\u00bb global_colors_info=\u00bb{}\u00bb custom_padding__hover=\u00bb|||\u00bb][et_pb_blurb title=\u00bbCertificado universitario de postgrado de la UNIVERSIDAD DE LOVAINA (30 cr\u00e9ditos)\u00bb url=\u00bbhttps:\/\/uclouvain.be\/fr\/etudier\/iufc\/inscription-didactique-espagnol.html\u00bb url_new_window=\u00bbon\u00bb image=\u00bbhttps:\/\/sites.uclouvain.be\/lovele\/wp-content\/uploads\/2020\/07\/md-duran-1VqHRwxcCCw-unsplash-1.jpg\u00bb _builder_version=\u00bb4.16&#8243; header_font=\u00bbPoppins|600||on|||||\u00bb header_font_size=\u00bb14px\u00bb header_line_height=\u00bb1.4em\u00bb body_font=\u00bb||||||||\u00bb body_font_size=\u00bb16px\u00bb body_line_height=\u00bb1.8em\u00bb text_orientation=\u00bbcenter\u00bb max_width_last_edited=\u00bboff|desktop\u00bb min_height=\u00bb413px\u00bb animation_style=\u00bbfade\u00bb animation=\u00bboff\u00bb border_radii_image=\u00bbon|30px|30px|30px|30px\u00bb border_width_all_image=\u00bb2px\u00bb border_color_all_image=\u00bbrgba(0,0,0,0.1)\u00bb global_colors_info=\u00bb{}\u00bb]<\/p>\n<p style=\"text-align: justify;\"><span style=\"font-weight: 400;\"><\/span><\/p>\n<p style=\"text-align: justify;\"><span style=\"font-weight: 400;\"><\/span><span style=\"font-weight: 400;\">Matr\u00edculate en dos f\u00e1ciles pasos en nuestro <strong><a href=\"https:\/\/sites.uclouvain.be\/lovele\/certificado-universitario\/\">certificado<\/a><\/strong>: <\/span><span style=\"font-weight: 400;\">crea <a href=\"https:\/\/studies.uclouvain.be\/continuing_education\/home\/DIES2FC\/\"><strong>una cuenta<\/strong><\/a> en la web de la Universidad de Lovaina y <\/span><span style=\"font-weight: 400;\">completa la demanda de admisi\u00f3n. La Universidad se pondr\u00e1 r\u00e1pidamente en contacto contigo. Precio de la totalidad de m\u00f3dulos: 900 euros. Precio por m\u00f3dulo: 250 euros. <br \/><\/span><\/p>\n<p>[\/et_pb_blurb][et_pb_button button_url=\u00bb@ET-DC@eyJkeW5hbWljIjp0cnVlLCJjb250ZW50IjoicG9zdF9saW5rX3VybF9wYWdlIiwic2V0dGluZ3MiOnsicG9zdF9pZCI6Ijc5MyJ9fQ==@\u00bb url_new_window=\u00bbon\u00bb button_text=\u00bbM\u00e1s informaci\u00f3n\u00bb button_alignment=\u00bbcenter\u00bb _builder_version=\u00bb4.16&#8243; _dynamic_attributes=\u00bbbutton_url\u00bb custom_button=\u00bbon\u00bb button_text_color=\u00bb#2875ef\u00bb button_icon=\u00bb&#x41;||divi||400&#8243; global_colors_info=\u00bb{}\u00bb][\/et_pb_button][et_pb_button button_url=\u00bbhttps:\/\/studies.uclouvain.be\/continuing_education\/home\/DIES2FC\u00bb url_new_window=\u00bbon\u00bb button_text=\u00bbDemanda de admisi\u00f3n\u00bb button_alignment=\u00bbcenter\u00bb _builder_version=\u00bb4.16&#8243; custom_button=\u00bbon\u00bb button_text_color=\u00bb#2875ef\u00bb button_icon=\u00bb&#x41;||divi||400&#8243; global_colors_info=\u00bb{}\u00bb][\/et_pb_button][\/et_pb_column][\/et_pb_row][et_pb_row column_structure=\u00bb1_2,1_2&#8243; _builder_version=\u00bb4.16&#8243; custom_padding=\u00bb3px|||||\u00bb global_colors_info=\u00bb{}\u00bb][et_pb_column type=\u00bb1_2&#8243; _builder_version=\u00bb4.16&#8243; custom_padding=\u00bb|||\u00bb global_colors_info=\u00bb{}\u00bb custom_padding__hover=\u00bb|||\u00bb][et_pb_blurb title=\u00bbtalleres: una tarde EN COMPA\u00f1\u00eda de un especialista\u00bb url=\u00bbhttps:\/\/uclouvain.be\/fr\/etudier\/iufc\/inscription-didactique-espagnol.html\u00bb url_new_window=\u00bbon\u00bb image=\u00bbhttps:\/\/sites.uclouvain.be\/lovele\/wp-content\/uploads\/2020\/07\/home-office-02.jpg\u00bb image_icon_width=\u00bb77%\u00bb _builder_version=\u00bb4.27.0&#8243; header_font=\u00bbPoppins|600||on|||||\u00bb header_font_size=\u00bb14px\u00bb header_line_height=\u00bb1.4em\u00bb body_font=\u00bb||||||||\u00bb body_font_size=\u00bb16px\u00bb body_line_height=\u00bb1.8em\u00bb text_orientation=\u00bbcenter\u00bb max_width_last_edited=\u00bboff|desktop\u00bb min_height=\u00bb413px\u00bb animation_style=\u00bbfade\u00bb animation=\u00bboff\u00bb border_radii_image=\u00bbon|30px|30px|30px|30px\u00bb border_width_all_image=\u00bb2px\u00bb border_color_all_image=\u00bbrgba(0,0,0,0.1)\u00bb global_colors_info=\u00bb{}\u00bb]<\/p>\n<p style=\"text-align: justify;\"><span style=\"font-weight: 400;\">\u00a0En cada una de las ediciones LovELE propone 4 talleres de especialistas. Los talleres son <strong>gratuitos<\/strong>, financiados por las entidades asociadas. Para inscribirte sigue los enlaces en nuestra <a href=\"https:\/\/sites.uclouvain.be\/lovele\/talleres\/\"><strong>web<\/strong><\/a><\/span><a href=\"https:\/\/sites.uclouvain.be\/lovele\/talleres\/\"><strong><\/strong><\/a><span style=\"font-weight: 400;\"><br \/><\/span><\/p>\n<p>[\/et_pb_blurb][et_pb_button button_url=\u00bb@ET-DC@eyJkeW5hbWljIjp0cnVlLCJjb250ZW50IjoicG9zdF9saW5rX3VybF9wYWdlIiwic2V0dGluZ3MiOnsicG9zdF9pZCI6IjU0NTMifX0=@\u00bb url_new_window=\u00bbon\u00bb button_text=\u00bbM\u00e1s informaci\u00f3n\u00bb button_alignment=\u00bbcenter\u00bb _builder_version=\u00bb4.27.0&#8243; _dynamic_attributes=\u00bbbutton_url\u00bb custom_button=\u00bbon\u00bb button_text_color=\u00bb#2875ef\u00bb button_icon=\u00bb&#x41;||divi||400&#8243; global_colors_info=\u00bb{}\u00bb][\/et_pb_button][et_pb_button button_url=\u00bb@ET-DC@eyJkeW5hbWljIjp0cnVlLCJjb250ZW50IjoicG9zdF9saW5rX3VybF9wYWdlIiwic2V0dGluZ3MiOnsicG9zdF9pZCI6IjU0NTMifX0=@\u00bb url_new_window=\u00bbon\u00bb button_text=\u00bbInscripci\u00f3n\u00bb button_alignment=\u00bbcenter\u00bb _builder_version=\u00bb4.23.1&#8243; _dynamic_attributes=\u00bbbutton_url\u00bb custom_button=\u00bbon\u00bb button_text_color=\u00bb#2875ef\u00bb button_icon=\u00bb&#x41;||divi||400&#8243; global_colors_info=\u00bb{}\u00bb][\/et_pb_button][\/et_pb_column][et_pb_column type=\u00bb1_2&#8243; _builder_version=\u00bb4.16&#8243; _module_preset=\u00bbdefault\u00bb global_colors_info=\u00bb{}\u00bb][et_pb_blurb title=\u00bbCURSOS DE ESPECIALIZACI\u00f3n\u00bb url=\u00bb@ET-DC@eyJkeW5hbWljIjp0cnVlLCJjb250ZW50IjoicG9zdF9saW5rX3VybF9wb3N0Iiwic2V0dGluZ3MiOnsicG9zdF9pZCI6IjIxOTkzIn19@\u00bb url_new_window=\u00bbon\u00bb image=\u00bbhttps:\/\/sites.uclouvain.be\/lovele\/wp-content\/uploads\/2021\/02\/Image1.jpg\u00bb _builder_version=\u00bb4.16&#8243; _dynamic_attributes=\u00bburl\u00bb header_font=\u00bbPoppins|600||on|||||\u00bb header_font_size=\u00bb14px\u00bb header_line_height=\u00bb1.4em\u00bb body_font=\u00bb||||||||\u00bb body_font_size=\u00bb16px\u00bb body_line_height=\u00bb1.8em\u00bb text_orientation=\u00bbcenter\u00bb max_width_last_edited=\u00bboff|desktop\u00bb min_height=\u00bb427px\u00bb custom_margin=\u00bb||52px|||\u00bb animation_style=\u00bbfade\u00bb animation=\u00bboff\u00bb border_radii_image=\u00bbon|30px|30px|30px|30px\u00bb border_width_all_image=\u00bb2px\u00bb border_color_all_image=\u00bbrgba(0,0,0,0.1)\u00bb global_colors_info=\u00bb{}\u00bb]<\/p>\n<p style=\"text-align: justify;\"><span style=\"font-weight: 400;\">\u00a0<\/span><span style=\"font-weight: 400;\">Cursos espec\u00edficos sobre temas actuales de did\u00e1ctica, organizados en cada edici\u00f3n. La duraci\u00f3n y el precio var\u00edan seg\u00fan el tipo de curso<br \/><\/span><\/p>\n<h6><\/h6>\n<p>[\/et_pb_blurb][et_pb_button button_url=\u00bb@ET-DC@eyJkeW5hbWljIjp0cnVlLCJjb250ZW50IjoicG9zdF9saW5rX3VybF9wYWdlIiwic2V0dGluZ3MiOnsicG9zdF9pZCI6IjgwMyJ9fQ==@\u00bb url_new_window=\u00bbon\u00bb button_text=\u00bbM\u00e1s informaci\u00f3n\u00bb button_alignment=\u00bbcenter\u00bb _builder_version=\u00bb4.27.0&#8243; _dynamic_attributes=\u00bbbutton_url\u00bb custom_button=\u00bbon\u00bb button_text_color=\u00bb#2875ef\u00bb button_icon=\u00bb&#x41;||divi||400&#8243; global_colors_info=\u00bb{}\u00bb][\/et_pb_button][\/et_pb_column][\/et_pb_row][\/et_pb_section]<\/p>\n","protected":false},"excerpt":{"rendered":"<p>Admisi\u00f3n y matr\u00edcula Lovele tiene tres tipos de formaciones: certificado universitario; cursos de especializacion y talleres. Inscr\u00edbete a la formaci\u00f3n que desees rellenando el formulario correspondiente Una vez realizada la demanda de matr\u00edcula el equipo LovELE te contactar\u00e1 para confirmar tu matr\u00edcula. Matr\u00edculate en dos f\u00e1ciles pasos en nuestro certificado: crea una cuenta en la [&hellip;]<\/p>\n","protected":false},"author":13,"featured_media":0,"parent":0,"menu_order":0,"comment_status":"closed","ping_status":"closed","template":"","meta":{"_et_pb_use_builder":"on","_et_pb_old_content":"","_et_gb_content_width":"","footnotes":""},"class_list":["post-11303","page","type-page","status-publish","hentry"],"yoast_head":"<!-- This site is optimized with the Yoast SEO plugin v27.4 - https:\/\/yoast.com\/product\/yoast-seo-wordpress\/ -->\n<title>Admisi\u00f3n y matr\u00edcula - LovELE<\/title>\n<meta name=\"robots\" content=\"index, follow, max-snippet:-1, max-image-preview:large, max-video-preview:-1\" \/>\n<link rel=\"canonical\" href=\"https:\/\/sites.uclouvain.be\/lovele\/admision-matricula\/\" \/>\n<meta property=\"og:locale\" content=\"es_ES\" \/>\n<meta property=\"og:type\" content=\"article\" \/>\n<meta property=\"og:title\" content=\"Admisi\u00f3n y matr\u00edcula - LovELE\" \/>\n<meta property=\"og:description\" content=\"Admisi\u00f3n y matr\u00edcula Lovele tiene tres tipos de formaciones: certificado universitario; cursos de especializacion y talleres. Inscr\u00edbete a la formaci\u00f3n que desees rellenando el formulario correspondiente Una vez realizada la demanda de matr\u00edcula el equipo LovELE te contactar\u00e1 para confirmar tu matr\u00edcula. Matr\u00edculate en dos f\u00e1ciles pasos en nuestro certificado: crea una cuenta en la [&hellip;]\" \/>\n<meta property=\"og:url\" content=\"https:\/\/sites.uclouvain.be\/lovele\/admision-matricula\/\" \/>\n<meta property=\"og:site_name\" content=\"LovELE\" \/>\n<meta property=\"article:publisher\" content=\"https:\/\/www.facebook.com\/Loveleucl\/\" \/>\n<meta property=\"article:modified_time\" content=\"2024-10-30T14:04:50+00:00\" \/>\n<meta name=\"twitter:card\" content=\"summary_large_image\" \/>\n<meta name=\"twitter:site\" content=\"@lovele_ucl\" \/>\n<meta name=\"twitter:label1\" content=\"Tiempo de lectura\" \/>\n\t<meta name=\"twitter:data1\" content=\"5 minutos\" \/>\n<script type=\"application\/ld+json\" class=\"yoast-schema-graph\">{\"@context\":\"https:\\\/\\\/schema.org\",\"@graph\":[{\"@type\":\"WebPage\",\"@id\":\"https:\\\/\\\/sites.uclouvain.be\\\/lovele\\\/admision-matricula\\\/\",\"url\":\"https:\\\/\\\/sites.uclouvain.be\\\/lovele\\\/admision-matricula\\\/\",\"name\":\"Admisi\u00f3n y matr\u00edcula - LovELE\",\"isPartOf\":{\"@id\":\"https:\\\/\\\/sites.uclouvain.be\\\/lovele\\\/#website\"},\"datePublished\":\"2020-08-03T14:38:48+00:00\",\"dateModified\":\"2024-10-30T14:04:50+00:00\",\"breadcrumb\":{\"@id\":\"https:\\\/\\\/sites.uclouvain.be\\\/lovele\\\/admision-matricula\\\/#breadcrumb\"},\"inLanguage\":\"es\",\"potentialAction\":[{\"@type\":\"ReadAction\",\"target\":[\"https:\\\/\\\/sites.uclouvain.be\\\/lovele\\\/admision-matricula\\\/\"]}]},{\"@type\":\"BreadcrumbList\",\"@id\":\"https:\\\/\\\/sites.uclouvain.be\\\/lovele\\\/admision-matricula\\\/#breadcrumb\",\"itemListElement\":[{\"@type\":\"ListItem\",\"position\":1,\"name\":\"Portada\",\"item\":\"https:\\\/\\\/sites.uclouvain.be\\\/lovele\\\/\"},{\"@type\":\"ListItem\",\"position\":2,\"name\":\"Admisi\u00f3n y matr\u00edcula\"}]},{\"@type\":\"WebSite\",\"@id\":\"https:\\\/\\\/sites.uclouvain.be\\\/lovele\\\/#website\",\"url\":\"https:\\\/\\\/sites.uclouvain.be\\\/lovele\\\/\",\"name\":\"LovELE\",\"description\":\"Ense\u00f1anza y el aprendizaje del espa\u00f1ol como lengua extranjera (ELE)\",\"publisher\":{\"@id\":\"https:\\\/\\\/sites.uclouvain.be\\\/lovele\\\/#organization\"},\"potentialAction\":[{\"@type\":\"SearchAction\",\"target\":{\"@type\":\"EntryPoint\",\"urlTemplate\":\"https:\\\/\\\/sites.uclouvain.be\\\/lovele\\\/?s={search_term_string}\"},\"query-input\":{\"@type\":\"PropertyValueSpecification\",\"valueRequired\":true,\"valueName\":\"search_term_string\"}}],\"inLanguage\":\"es\"},{\"@type\":\"Organization\",\"@id\":\"https:\\\/\\\/sites.uclouvain.be\\\/lovele\\\/#organization\",\"name\":\"LovELE\",\"url\":\"https:\\\/\\\/sites.uclouvain.be\\\/lovele\\\/\",\"logo\":{\"@type\":\"ImageObject\",\"inLanguage\":\"es\",\"@id\":\"https:\\\/\\\/sites.uclouvain.be\\\/lovele\\\/#\\\/schema\\\/logo\\\/image\\\/\",\"url\":\"\",\"contentUrl\":\"\",\"caption\":\"LovELE\"},\"image\":{\"@id\":\"https:\\\/\\\/sites.uclouvain.be\\\/lovele\\\/#\\\/schema\\\/logo\\\/image\\\/\"},\"sameAs\":[\"https:\\\/\\\/www.facebook.com\\\/Loveleucl\\\/\",\"https:\\\/\\\/x.com\\\/lovele_ucl\",\"https:\\\/\\\/www.instagram.com\\\/lovele_ucl\\\/\",\"https:\\\/\\\/www.youtube.com\\\/channel\\\/UCz5iDZlU09JIL3uuOngurFA\"]}]}<\/script>\n<!-- \/ Yoast SEO plugin. -->","yoast_head_json":{"title":"Admisi\u00f3n y matr\u00edcula - LovELE","robots":{"index":"index","follow":"follow","max-snippet":"max-snippet:-1","max-image-preview":"max-image-preview:large","max-video-preview":"max-video-preview:-1"},"canonical":"https:\/\/sites.uclouvain.be\/lovele\/admision-matricula\/","og_locale":"es_ES","og_type":"article","og_title":"Admisi\u00f3n y matr\u00edcula - LovELE","og_description":"Admisi\u00f3n y matr\u00edcula Lovele tiene tres tipos de formaciones: certificado universitario; cursos de especializacion y talleres. Inscr\u00edbete a la formaci\u00f3n que desees rellenando el formulario correspondiente Una vez realizada la demanda de matr\u00edcula el equipo LovELE te contactar\u00e1 para confirmar tu matr\u00edcula. Matr\u00edculate en dos f\u00e1ciles pasos en nuestro certificado: crea una cuenta en la [&hellip;]","og_url":"https:\/\/sites.uclouvain.be\/lovele\/admision-matricula\/","og_site_name":"LovELE","article_publisher":"https:\/\/www.facebook.com\/Loveleucl\/","article_modified_time":"2024-10-30T14:04:50+00:00","twitter_card":"summary_large_image","twitter_site":"@lovele_ucl","twitter_misc":{"Tiempo de lectura":"5 minutos"},"schema":{"@context":"https:\/\/schema.org","@graph":[{"@type":"WebPage","@id":"https:\/\/sites.uclouvain.be\/lovele\/admision-matricula\/","url":"https:\/\/sites.uclouvain.be\/lovele\/admision-matricula\/","name":"Admisi\u00f3n y matr\u00edcula - LovELE","isPartOf":{"@id":"https:\/\/sites.uclouvain.be\/lovele\/#website"},"datePublished":"2020-08-03T14:38:48+00:00","dateModified":"2024-10-30T14:04:50+00:00","breadcrumb":{"@id":"https:\/\/sites.uclouvain.be\/lovele\/admision-matricula\/#breadcrumb"},"inLanguage":"es","potentialAction":[{"@type":"ReadAction","target":["https:\/\/sites.uclouvain.be\/lovele\/admision-matricula\/"]}]},{"@type":"BreadcrumbList","@id":"https:\/\/sites.uclouvain.be\/lovele\/admision-matricula\/#breadcrumb","itemListElement":[{"@type":"ListItem","position":1,"name":"Portada","item":"https:\/\/sites.uclouvain.be\/lovele\/"},{"@type":"ListItem","position":2,"name":"Admisi\u00f3n y matr\u00edcula"}]},{"@type":"WebSite","@id":"https:\/\/sites.uclouvain.be\/lovele\/#website","url":"https:\/\/sites.uclouvain.be\/lovele\/","name":"LovELE","description":"Ense\u00f1anza y el aprendizaje del espa\u00f1ol como lengua extranjera (ELE)","publisher":{"@id":"https:\/\/sites.uclouvain.be\/lovele\/#organization"},"potentialAction":[{"@type":"SearchAction","target":{"@type":"EntryPoint","urlTemplate":"https:\/\/sites.uclouvain.be\/lovele\/?s={search_term_string}"},"query-input":{"@type":"PropertyValueSpecification","valueRequired":true,"valueName":"search_term_string"}}],"inLanguage":"es"},{"@type":"Organization","@id":"https:\/\/sites.uclouvain.be\/lovele\/#organization","name":"LovELE","url":"https:\/\/sites.uclouvain.be\/lovele\/","logo":{"@type":"ImageObject","inLanguage":"es","@id":"https:\/\/sites.uclouvain.be\/lovele\/#\/schema\/logo\/image\/","url":"","contentUrl":"","caption":"LovELE"},"image":{"@id":"https:\/\/sites.uclouvain.be\/lovele\/#\/schema\/logo\/image\/"},"sameAs":["https:\/\/www.facebook.com\/Loveleucl\/","https:\/\/x.com\/lovele_ucl","https:\/\/www.instagram.com\/lovele_ucl\/","https:\/\/www.youtube.com\/channel\/UCz5iDZlU09JIL3uuOngurFA"]}]}},"_links":{"self":[{"href":"https:\/\/sites.uclouvain.be\/lovele\/wp-json\/wp\/v2\/pages\/11303","targetHints":{"allow":["GET"]}}],"collection":[{"href":"https:\/\/sites.uclouvain.be\/lovele\/wp-json\/wp\/v2\/pages"}],"about":[{"href":"https:\/\/sites.uclouvain.be\/lovele\/wp-json\/wp\/v2\/types\/page"}],"author":[{"embeddable":true,"href":"https:\/\/sites.uclouvain.be\/lovele\/wp-json\/wp\/v2\/users\/13"}],"replies":[{"embeddable":true,"href":"https:\/\/sites.uclouvain.be\/lovele\/wp-json\/wp\/v2\/comments?post=11303"}],"version-history":[{"count":16,"href":"https:\/\/sites.uclouvain.be\/lovele\/wp-json\/wp\/v2\/pages\/11303\/revisions"}],"predecessor-version":[{"id":36453,"href":"https:\/\/sites.uclouvain.be\/lovele\/wp-json\/wp\/v2\/pages\/11303\/revisions\/36453"}],"wp:attachment":[{"href":"https:\/\/sites.uclouvain.be\/lovele\/wp-json\/wp\/v2\/media?parent=11303"}],"curies":[{"name":"wp","href":"https:\/\/api.w.org\/{rel}","templated":true}]}}