{"id":563,"date":"2014-07-13T15:31:19","date_gmt":"2014-07-13T14:31:19","guid":{"rendered":"http:\/\/sites.uclouvain.be\/bkl-cbl\/?page_id=563"},"modified":"2025-08-27T11:23:43","modified_gmt":"2025-08-27T09:23:43","slug":"travaux-du-cbl","status":"publish","type":"page","link":"https:\/\/sites.uclouvain.be\/bkl-cbl\/fr\/publications\/travaux-du-cbl\/","title":{"rendered":"Travaux du Cercle Belge de Linguistique"},"content":{"rendered":"\n<p><strong><em>Travaux du Cercle Belge de Linguistique<\/em><\/strong><em>&nbsp;<\/em>est une revue \u00e9lectronique qui comprend des contributions dont le contenu a \u00e9t\u00e9 pr\u00e9sent\u00e9 \u00e0 la <a href=\"https:\/\/sites.uclouvain.be\/bkl-cbl\/?page_id=443\">Journ\u00e9e Linguistique<\/a> annuelle du CBL.<\/p>\n\n\n\n<p>Selon les statuts du 20 mai 2006, les articles soumis \u00e0 la revue sont \u00e9valu\u00e9s et s\u00e9lectionn\u00e9s par le comit\u00e9 ex\u00e9cutif du CBL, les organisateurs de la Journ\u00e9e de Linguistique et \u00e9ventuellement par des scientifiques externes si n\u00e9cessaire.<\/p>\n\n\n\n<p><strong>DOI<br><\/strong><a href=\"https:\/\/doi.org\/10.61430\/QZOA3310\">https:\/\/doi.org\/10.61430\/QZOA3310<\/a><\/p>\n\n\n\n<hr class=\"wp-block-separator has-text-color has-black-color has-alpha-channel-opacity has-black-background-color has-background is-style-wide\"\/>\n\n\n\n<ul class=\"wp-block-list\">\n<li><a href=\"https:\/\/sites.uclouvain.be\/bkl-cbl\/fr\/publications\/travaux-du-cbl\/volume-19-2025\/\">Volume 19 (2025)<\/a><\/li>\n\n\n\n<li><a href=\"https:\/\/sites.uclouvain.be\/bkl-cbl\/fr\/publications\/travaux-du-cbl\/volume-18-2024\/\">Volume 18 (2024)<\/a><\/li>\n\n\n\n<li><a href=\"https:\/\/sites.uclouvain.be\/bkl-cbl\/fr\/publications\/travaux-du-cbl\/volume-17-2023\/\">Volume 17 (2023)<\/a><\/li>\n\n\n\n<li><a href=\"https:\/\/sites.uclouvain.be\/bkl-cbl\/fr\/publications\/travaux-du-cbl\/volume-16-2022\/\">Volume 16 (2022)<\/a><\/li>\n\n\n\n<li><a href=\"https:\/\/sites.uclouvain.be\/bkl-cbl\/en\/journals\/papers-of-the-lsb\/volume-15-2021\/\">Volume 15 (2021)<\/a><\/li>\n\n\n\n<li><a href=\"https:\/\/sites.uclouvain.be\/bkl-cbl\/en\/journals\/papers-of-the-lsb\/volume-14-2020\/\">Volume 14 (2020)<\/a><\/li>\n\n\n\n<li><a href=\"https:\/\/sites.uclouvain.be\/bkl-cbl\/en\/journals\/papers-of-the-lsb\/volume-13-2019\/\">Volume 13 (2019)<\/a><\/li>\n\n\n\n<li><a href=\"https:\/\/sites.uclouvain.be\/bkl-cbl\/en\/journals\/papers-of-the-lsb\/volume-12-2018\/\">Volume 12 (2018)<\/a><\/li>\n\n\n\n<li><a href=\"https:\/\/sites.uclouvain.be\/bkl-cbl\/en\/journals\/papers-of-the-lsb\/volume-11-2017\/\">Volume 11 (2017)<\/a><\/li>\n\n\n\n<li><a href=\"https:\/\/sites.uclouvain.be\/bkl-cbl\/en\/journals\/papers-of-the-lsb\/volume-10-2016\/\">Volume 10 (2016)<\/a><\/li>\n\n\n\n<li><a href=\"https:\/\/sites.uclouvain.be\/bkl-cbl\/en\/journals\/papers-of-the-lsb\/volume-9-2015\/\">Volume 9 (2015)<\/a><\/li>\n\n\n\n<li><a href=\"https:\/\/sites.uclouvain.be\/bkl-cbl\/en\/journals\/papers-of-the-lsb\/volume-820132014\/\">Volume 8 (2013\/2014)<\/a><\/li>\n\n\n\n<li><a href=\"https:\/\/sites.uclouvain.be\/bkl-cbl\/en\/journals\/papers-of-the-lsb\/volume-7-2012\/\">Volume 7 (2012)<\/a><\/li>\n\n\n\n<li><a href=\"https:\/\/sites.uclouvain.be\/bkl-cbl\/en\/journals\/papers-of-the-lsb\/volume-6-2011\/\">Volume 6 (2011)<\/a><\/li>\n\n\n\n<li><a href=\"https:\/\/sites.uclouvain.be\/bkl-cbl\/en\/journals\/papers-of-the-lsb\/volume-5-2010\/\">Volume 5 (2010)<\/a><\/li>\n\n\n\n<li><a href=\"https:\/\/sites.uclouvain.be\/bkl-cbl\/en\/journals\/papers-of-the-lsb\/volume-4-2009\/\">Volume 4 (2009)<\/a><\/li>\n\n\n\n<li><a href=\"https:\/\/sites.uclouvain.be\/bkl-cbl\/en\/journals\/papers-of-the-lsb\/volume-3-2008\/\">Volume 3 (2008)<\/a><\/li>\n\n\n\n<li><a href=\"https:\/\/sites.uclouvain.be\/bkl-cbl\/en\/journals\/papers-of-the-lsb\/volume-2-2007\/\">Volume 2 (2007)<\/a><\/li>\n\n\n\n<li><a href=\"https:\/\/sites.uclouvain.be\/bkl-cbl\/en\/journals\/papers-of-the-lsb\/volume-1-2006\/\">Volume 1 (2006)<\/a><\/li>\n<\/ul>\n","protected":false},"excerpt":{"rendered":"<p>Travaux du Cercle Belge de Linguistique&nbsp;est une revue \u00e9lectronique qui comprend des contributions dont le contenu a \u00e9t\u00e9 pr\u00e9sent\u00e9 \u00e0 la Journ\u00e9e Linguistique annuelle du &hellip; <a title=\"Travaux du Cercle Belge de Linguistique\" class=\"bnm-read-more\" href=\"https:\/\/sites.uclouvain.be\/bkl-cbl\/fr\/publications\/travaux-du-cbl\/\"><span class=\"screen-reader-text\">Travaux du Cercle Belge de Linguistique<\/span>Read more<\/a><\/p>\n","protected":false},"author":123,"featured_media":0,"parent":263,"menu_order":1,"comment_status":"closed","ping_status":"closed","template":"","meta":{"footnotes":""},"class_list":["post-563","page","type-page","status-publish","hentry","bnm-entry"],"_links":{"self":[{"href":"https:\/\/sites.uclouvain.be\/bkl-cbl\/wp-json\/wp\/v2\/pages\/563","targetHints":{"allow":["GET"]}}],"collection":[{"href":"https:\/\/sites.uclouvain.be\/bkl-cbl\/wp-json\/wp\/v2\/pages"}],"about":[{"href":"https:\/\/sites.uclouvain.be\/bkl-cbl\/wp-json\/wp\/v2\/types\/page"}],"author":[{"embeddable":true,"href":"https:\/\/sites.uclouvain.be\/bkl-cbl\/wp-json\/wp\/v2\/users\/123"}],"replies":[{"embeddable":true,"href":"https:\/\/sites.uclouvain.be\/bkl-cbl\/wp-json\/wp\/v2\/comments?post=563"}],"version-history":[{"count":15,"href":"https:\/\/sites.uclouvain.be\/bkl-cbl\/wp-json\/wp\/v2\/pages\/563\/revisions"}],"predecessor-version":[{"id":53603,"href":"https:\/\/sites.uclouvain.be\/bkl-cbl\/wp-json\/wp\/v2\/pages\/563\/revisions\/53603"}],"up":[{"embeddable":true,"href":"https:\/\/sites.uclouvain.be\/bkl-cbl\/wp-json\/wp\/v2\/pages\/263"}],"wp:attachment":[{"href":"https:\/\/sites.uclouvain.be\/bkl-cbl\/wp-json\/wp\/v2\/media?parent=563"}],"curies":[{"name":"wp","href":"https:\/\/api.w.org\/{rel}","templated":true}]}}