{"id":37953,"date":"2022-06-09T11:07:49","date_gmt":"2022-06-09T09:07:49","guid":{"rendered":"https:\/\/sites.uclouvain.be\/bkl-cbl\/?page_id=37953"},"modified":"2022-10-27T15:05:13","modified_gmt":"2022-10-27T13:05:13","slug":"linguists-day-2022","status":"publish","type":"page","link":"https:\/\/sites.uclouvain.be\/bkl-cbl\/en\/congress\/linguists-day\/linguists-day-2022\/","title":{"rendered":"Linguists\u2019 Day 2022"},"content":{"rendered":"\n<p><strong>Friday 21 October 2022, Universit\u00e9 de Li\u00e8ge \u2013 <strong>B\u00e2timent L5<\/strong><\/strong> (<strong>Rue de Pitteurs, 18)<\/strong><\/p>\n\n\n\n<p class=\"has-text-align-center\"><strong><a rel=\"noreferrer noopener\" href=\"https:\/\/sites.uclouvain.be\/bkl-cbl\/?smd_process_download=1&amp;download_id=38243\" target=\"_blank\">Programme<\/a> | <a rel=\"noreferrer noopener\" href=\"https:\/\/sites.uclouvain.be\/bkl-cbl\/?smd_process_download=1&amp;download_id=38353\" target=\"_blank\">Book of abstracts<\/a><\/strong><\/p>\n\n\n\n<p>Thank you to everyone who participated in Linguists&#8217; Day 2022 on Friday, October 21!<\/p>\n\n\n\n<p>Thanks to the Li\u00e8ge team in charge of the organization!<\/p>\n\n\n\n<center><figure class=\"wp-block-image size-full is-resized is-style-rounded\"><img decoding=\"async\" src=\"https:\/\/sites.uclouvain.be\/bkl-cbl\/wp-content\/uploads\/2022\/10\/IMG-20221021-WA0000-edited.jpg\" alt=\"\" class=\"wp-image-38943\" width=\"60%\" srcset=\"https:\/\/sites.uclouvain.be\/bkl-cbl\/wp-content\/uploads\/2022\/10\/IMG-20221021-WA0000-edited.jpg 769w, https:\/\/sites.uclouvain.be\/bkl-cbl\/wp-content\/uploads\/2022\/10\/IMG-20221021-WA0000-edited-300x300.jpg 300w, https:\/\/sites.uclouvain.be\/bkl-cbl\/wp-content\/uploads\/2022\/10\/IMG-20221021-WA0000-edited-150x150.jpg 150w\" sizes=\"(max-width: 769px) 100vw, 769px\" \/><\/figure><\/center>\n\n\n\n<p>This Linguistics Day was the occasion to hear many papers from young and not so young researchers, all of very high level. Among the many excellent candidates for<strong> this year&#8217;s CBL-BKL prize<\/strong>, the jury had to make the difficult choice to award an ex-aequo prize to&nbsp;<\/p>\n\n\n\n<p><strong>J\u00e9r\u00e9my Genette (UAntwerp)<\/strong>, \u201cWhere to measure within vowels? Comparison and evaluation of acoustic techniques for the selection of measurement points\u201d<\/p>\n\n\n\n<p>and<\/p>\n\n\n\n<p><strong>Joren Somers (UGent)<\/strong>, \u201cWord order distributions within alternating Dat-Nom \/ Nom-Dat constructions in German and Icelandic\u201d<\/p>\n\n\n\n<p><br>Congratulations to the winners!<\/p>\n\n\n\n<p><\/p>\n\n\n\n<p><strong>Organizers:<\/strong><br>Marie Steffens<br>Nicolas Mazziotta<br>Esther Baiwir<br>Julien Perrez<br>Laurent Rasier<br>An Van Linden<br>St\u00e9phane Polis<br>Dominique Longr\u00e9e<br>L\u00e9onore Dubru<br>Nicolas Gregov<\/p>\n","protected":false},"excerpt":{"rendered":"<p>Friday 21 October 2022, Universit\u00e9 de Li\u00e8ge \u2013 B\u00e2timent L5 (Rue de Pitteurs, 18) Programme | Book of abstracts Thank you to everyone who participated &hellip; <a title=\"Linguists\u2019 Day 2022\" class=\"bnm-read-more\" href=\"https:\/\/sites.uclouvain.be\/bkl-cbl\/en\/congress\/linguists-day\/linguists-day-2022\/\"><span class=\"screen-reader-text\">Linguists\u2019 Day 2022<\/span>Read more<\/a><\/p>\n","protected":false},"author":53,"featured_media":0,"parent":3033,"menu_order":0,"comment_status":"closed","ping_status":"closed","template":"","meta":{"footnotes":""},"class_list":["post-37953","page","type-page","status-publish","hentry","bnm-entry"],"_links":{"self":[{"href":"https:\/\/sites.uclouvain.be\/bkl-cbl\/wp-json\/wp\/v2\/pages\/37953","targetHints":{"allow":["GET"]}}],"collection":[{"href":"https:\/\/sites.uclouvain.be\/bkl-cbl\/wp-json\/wp\/v2\/pages"}],"about":[{"href":"https:\/\/sites.uclouvain.be\/bkl-cbl\/wp-json\/wp\/v2\/types\/page"}],"author":[{"embeddable":true,"href":"https:\/\/sites.uclouvain.be\/bkl-cbl\/wp-json\/wp\/v2\/users\/53"}],"replies":[{"embeddable":true,"href":"https:\/\/sites.uclouvain.be\/bkl-cbl\/wp-json\/wp\/v2\/comments?post=37953"}],"version-history":[{"count":5,"href":"https:\/\/sites.uclouvain.be\/bkl-cbl\/wp-json\/wp\/v2\/pages\/37953\/revisions"}],"predecessor-version":[{"id":39033,"href":"https:\/\/sites.uclouvain.be\/bkl-cbl\/wp-json\/wp\/v2\/pages\/37953\/revisions\/39033"}],"up":[{"embeddable":true,"href":"https:\/\/sites.uclouvain.be\/bkl-cbl\/wp-json\/wp\/v2\/pages\/3033"}],"wp:attachment":[{"href":"https:\/\/sites.uclouvain.be\/bkl-cbl\/wp-json\/wp\/v2\/media?parent=37953"}],"curies":[{"name":"wp","href":"https:\/\/api.w.org\/{rel}","templated":true}]}}